{"id":844,"date":"2019-12-14T21:24:37","date_gmt":"2019-12-14T21:24:37","guid":{"rendered":"http:\/\/bavarianimmigrants.de\/?page_id=844"},"modified":"2025-10-15T19:49:54","modified_gmt":"2025-10-15T19:49:54","slug":"unsere-cd-kommt-hier-noch-vor-weihnachten","status":"publish","type":"page","link":"https:\/\/bavarianimmigrants.de\/?page_id=844","title":{"rendered":"Texte, CD und Liederbuch"},"content":{"rendered":"\n<p class=\"has-small-font-size\"><\/p>\n\n\n\n<figure class=\"wp-block-image size-full is-resized\"><img loading=\"lazy\" decoding=\"async\" width=\"916\" height=\"804\" src=\"https:\/\/bavarianimmigrants.de\/wp-content\/uploads\/2025\/10\/DF6A0595-ECC8-400C-86D9-5CE540CA94C4_1_201_a.jpeg\" alt=\"\" class=\"wp-image-1290\" style=\"width:238px;height:auto\" srcset=\"https:\/\/bavarianimmigrants.de\/wp-content\/uploads\/2025\/10\/DF6A0595-ECC8-400C-86D9-5CE540CA94C4_1_201_a.jpeg 916w, https:\/\/bavarianimmigrants.de\/wp-content\/uploads\/2025\/10\/DF6A0595-ECC8-400C-86D9-5CE540CA94C4_1_201_a-300x263.jpeg 300w, https:\/\/bavarianimmigrants.de\/wp-content\/uploads\/2025\/10\/DF6A0595-ECC8-400C-86D9-5CE540CA94C4_1_201_a-768x674.jpeg 768w\" sizes=\"(max-width: 916px) 100vw, 916px\" \/><\/figure>\n\n\n\n<blockquote class=\"wp-block-quote is-layout-flow wp-block-quote-is-layout-flow\">\n<p>Hier ist sie, unsere 2. CD, erschienen am <strong>10.Mai 2025<\/strong>. Wir wollen sie dieses Mal nicht bei Spotify vermarkten, aber wir sind dran, dass man sie hier downloaden kann. Ansonsten? Holt sie euch pers\u00f6nlich im Konzert oder schreibt uns.<\/p>\n<\/blockquote>\n\n\n\n<figure class=\"wp-block-image size-large is-resized\"><img loading=\"lazy\" decoding=\"async\" width=\"550\" height=\"496\" src=\"http:\/\/bavarianimmigrants.de\/wp-content\/uploads\/2019\/12\/54e4b7c8-7d90-406c-92fd-98db62455939.jpg\" alt=\"\" class=\"wp-image-863\" style=\"width:226px;height:204px\" srcset=\"https:\/\/bavarianimmigrants.de\/wp-content\/uploads\/2019\/12\/54e4b7c8-7d90-406c-92fd-98db62455939.jpg 550w, https:\/\/bavarianimmigrants.de\/wp-content\/uploads\/2019\/12\/54e4b7c8-7d90-406c-92fd-98db62455939-300x271.jpg 300w\" sizes=\"(max-width: 550px) 100vw, 550px\" \/><\/figure>\n\n\n\n<blockquote class=\"wp-block-quote is-layout-flow wp-block-quote-is-layout-flow\">\n<p>Unsere 1. CD erschien &nbsp;am&nbsp;<strong>7. M\u00e4rz 2020<\/strong>&nbsp;offiziell unter dem Label Three Saints Records von <strong>Herbert Pixner<\/strong>.  Sie ist fast \u00fcberall erh\u00e4ltlich, auch auf vielen Streaming-Plattformen. Bevorzugt k\u00f6nnt ihr sie nat\u00fcrlich pers\u00f6nlich bei unseren Konzerten erstehen.<\/p>\n<\/blockquote>\n\n\n\n<p>Auch sind zeitgleich die&nbsp;<strong><a href=\"https:\/\/threesaintsrecords.jimdo.com\/folk-blues-pop-jazz\/\">12 Lieder der CD<\/a><\/strong><a href=\"https:\/\/threesaintsrecords.jimdo.com\/folk-blues-pop-jazz\/\">&nbsp;<\/a>und als&nbsp;<strong><a href=\"https:\/\/threesaintsrecords.jimdo.com\/noten-b%C3%BCcher\/\">Notenbuch<\/a><\/strong>&nbsp;erschienen. (Link zur Weiterleitung anklicken)<\/p>\n\n\n\n<p>Viel Spa\u00df beim H\u00f6ren !<\/p>\n\n\n\n<p>Und wer nicht nur H\u00f6ren m\u00f6chte, sondern gar mitsingen, findet hier das <a href=\"http:\/\/bavarianimmigrants.de\/wp-content\/uploads\/2022\/11\/Texte.pdf\"><strong>Textheft<\/strong><\/a>.<\/p>\n\n\n\n<p> Eine kleine Anmerkung zu den Texten.<br> Dankenswerterweise hat Prof. Dr. Ludwig Zehetner <br> (Der bayrisch Professor aus der MUH Klammer zu ) <br> unsere Texte korrigiert, auf Schreibweise, Wortwahl und Grammatik.<br> Wo es m\u00f6glich war, haben wir die Korrekturen angenommen.<br>  An ein paar Stellen haben wir das \u201enicht Bayrisch\u201c beibehalten.<br> Als bayrische Immigranten legen wir da mehr Wert auf unsere, <br> sich durch viele Einfl\u00fcsse entwickelnde Umgangssprache.<br><\/p>\n","protected":false},"excerpt":{"rendered":"<p>Hier ist sie, unsere 2. CD, erschienen am 10.Mai 2025. Wir wollen sie dieses Mal nicht bei Spotify vermarkten, aber wir sind dran, dass man sie hier downloaden kann. Ansonsten? Holt sie euch pers\u00f6nlich im Konzert oder schreibt uns. Unsere 1. CD erschien &nbsp;am&nbsp;7. M\u00e4rz 2020&nbsp;offiziell unter dem Label Three Saints Records von Herbert Pixner.&hellip; <a href=\"https:\/\/bavarianimmigrants.de\/?page_id=844\" class=\"more-link\">Weiterlesen <span class=\"screen-reader-text\">Texte, CD und Liederbuch<\/span><\/a><\/p>\n","protected":false},"author":1,"featured_media":0,"parent":0,"menu_order":8,"comment_status":"closed","ping_status":"closed","template":"","meta":{"footnotes":""},"class_list":["post-844","page","type-page","status-publish","hentry","without-featured-image"],"_links":{"self":[{"href":"https:\/\/bavarianimmigrants.de\/index.php?rest_route=\/wp\/v2\/pages\/844"}],"collection":[{"href":"https:\/\/bavarianimmigrants.de\/index.php?rest_route=\/wp\/v2\/pages"}],"about":[{"href":"https:\/\/bavarianimmigrants.de\/index.php?rest_route=\/wp\/v2\/types\/page"}],"author":[{"embeddable":true,"href":"https:\/\/bavarianimmigrants.de\/index.php?rest_route=\/wp\/v2\/users\/1"}],"replies":[{"embeddable":true,"href":"https:\/\/bavarianimmigrants.de\/index.php?rest_route=%2Fwp%2Fv2%2Fcomments&post=844"}],"version-history":[{"count":49,"href":"https:\/\/bavarianimmigrants.de\/index.php?rest_route=\/wp\/v2\/pages\/844\/revisions"}],"predecessor-version":[{"id":1294,"href":"https:\/\/bavarianimmigrants.de\/index.php?rest_route=\/wp\/v2\/pages\/844\/revisions\/1294"}],"wp:attachment":[{"href":"https:\/\/bavarianimmigrants.de\/index.php?rest_route=%2Fwp%2Fv2%2Fmedia&parent=844"}],"curies":[{"name":"wp","href":"https:\/\/api.w.org\/{rel}","templated":true}]}}