{"id":714,"date":"2019-03-14T18:59:18","date_gmt":"2019-03-14T18:59:18","guid":{"rendered":"http:\/\/bavarianimmigrants.de\/?page_id=714"},"modified":"2019-03-15T12:00:12","modified_gmt":"2019-03-15T12:00:12","slug":"infobrief","status":"publish","type":"page","link":"https:\/\/bavarianimmigrants.de\/?page_id=714","title":{"rendered":"Infobrief"},"content":{"rendered":"\n<p>auf dieser Seite habt Ihr die M\u00f6glichkeit Euch in unsere Mailingliste einzutragen. \u00dcber diese Liste werdet Ihr mit unseren Konzertterminen versorgt oder anderen Infos, wie z.B: der geplanten CD, wenn sie fertig ist.<\/p>\n\n\n\n<p>Einfach hier eintragen, h\u00e4tte ich fr\u00fcher gesagt.                                             Heute f\u00fcge ich hinzu:<\/p>\n\n\n\n<p><strong>Einwilligungsverfahren<\/strong>:<br>Um Sie in unseren Infobrief-Verteiler aufzunehmen, ben\u00f6tigen wir eine Best\u00e4tigung, dass Sie der Inhaber der angegebenen Email-Adresse sind und dass Sie mit dem Empfang des Infobriefes einverstanden sind. Daher bekommen sie eine Nachfrage-E-Mail. <\/p>\n\n\n\n<p><strong>Verwendung der Daten<\/strong>:<br>Die erhobenen Daten dienen nur der Versendung des Infobriefes, der Nachfrage-E-Mail  und der Dokumentation Ihrer Zustimmung. Eine andere Verarbeitung oder Weitergabe an Dritte erfolgt nicht.&nbsp;<\/p>\n\n\n\n<p><strong><a href=\"https:\/\/www.datenschutz.org\/widerrufsrecht\/\">Widerrufsrecht<\/a><\/strong>:<br>Sie k\u00f6nnen den Infobrief und die Einwilligung zur Speicherung der Daten jederzeit widerrufen.<\/p>\n\n\n\n<p>Wenn sie sich nun eintragen stimmen Sie unserer Vorgehensweise zu.<\/p>\n\n\n<script>(function() {\n\twindow.mc4wp = window.mc4wp || {\n\t\tlisteners: [],\n\t\tforms: {\n\t\t\ton: function(evt, cb) {\n\t\t\t\twindow.mc4wp.listeners.push(\n\t\t\t\t\t{\n\t\t\t\t\t\tevent   : evt,\n\t\t\t\t\t\tcallback: cb\n\t\t\t\t\t}\n\t\t\t\t);\n\t\t\t}\n\t\t}\n\t}\n})();\n<\/script><!-- Mailchimp for WordPress v4.9.13 - https:\/\/wordpress.org\/plugins\/mailchimp-for-wp\/ --><form id=\"mc4wp-form-1\" class=\"mc4wp-form mc4wp-form-716\" method=\"post\" data-id=\"716\" data-name=\"Infobrief\" ><div class=\"mc4wp-form-fields\"><p>\r\n\t<label>Email Adresse: <\/label>\r\n\t<input type=\"email\" name=\"EMAIL\" placeholder=\"Deine Email Adresse\" required \/>\r\n<\/p>\r\n\r\n<p>\r\n\t<input type=\"submit\" value=\"Eintragen\" \/>\r\n<\/p><\/div><label style=\"display: none !important;\">Wenn du ein Mensch bist, lasse das Feld leer: <input type=\"text\" name=\"_mc4wp_honeypot\" value=\"\" tabindex=\"-1\" autocomplete=\"off\" \/><\/label><input type=\"hidden\" name=\"_mc4wp_timestamp\" value=\"1778961454\" \/><input type=\"hidden\" name=\"_mc4wp_form_id\" value=\"716\" \/><input type=\"hidden\" name=\"_mc4wp_form_element_id\" value=\"mc4wp-form-1\" \/><div class=\"mc4wp-response\"><\/div><\/form><!-- \/ Mailchimp for WordPress Plugin -->\n\n\n<p> <\/p>\n","protected":false},"excerpt":{"rendered":"<p>auf dieser Seite habt Ihr die M\u00f6glichkeit Euch in unsere Mailingliste einzutragen. \u00dcber diese Liste werdet Ihr mit unseren Konzertterminen versorgt oder anderen Infos, wie z.B: der geplanten CD, wenn sie fertig ist. Einfach hier eintragen, h\u00e4tte ich fr\u00fcher gesagt. Heute f\u00fcge ich hinzu: Einwilligungsverfahren:Um Sie in unseren Infobrief-Verteiler aufzunehmen, ben\u00f6tigen wir eine Best\u00e4tigung, dass&hellip; <a href=\"https:\/\/bavarianimmigrants.de\/?page_id=714\" class=\"more-link\">Weiterlesen <span class=\"screen-reader-text\">Infobrief<\/span><\/a><\/p>\n","protected":false},"author":1,"featured_media":0,"parent":2,"menu_order":0,"comment_status":"closed","ping_status":"closed","template":"","meta":{"footnotes":""},"class_list":["post-714","page","type-page","status-publish","hentry","without-featured-image"],"_links":{"self":[{"href":"https:\/\/bavarianimmigrants.de\/index.php?rest_route=\/wp\/v2\/pages\/714"}],"collection":[{"href":"https:\/\/bavarianimmigrants.de\/index.php?rest_route=\/wp\/v2\/pages"}],"about":[{"href":"https:\/\/bavarianimmigrants.de\/index.php?rest_route=\/wp\/v2\/types\/page"}],"author":[{"embeddable":true,"href":"https:\/\/bavarianimmigrants.de\/index.php?rest_route=\/wp\/v2\/users\/1"}],"replies":[{"embeddable":true,"href":"https:\/\/bavarianimmigrants.de\/index.php?rest_route=%2Fwp%2Fv2%2Fcomments&post=714"}],"version-history":[{"count":6,"href":"https:\/\/bavarianimmigrants.de\/index.php?rest_route=\/wp\/v2\/pages\/714\/revisions"}],"predecessor-version":[{"id":731,"href":"https:\/\/bavarianimmigrants.de\/index.php?rest_route=\/wp\/v2\/pages\/714\/revisions\/731"}],"up":[{"embeddable":true,"href":"https:\/\/bavarianimmigrants.de\/index.php?rest_route=\/wp\/v2\/pages\/2"}],"wp:attachment":[{"href":"https:\/\/bavarianimmigrants.de\/index.php?rest_route=%2Fwp%2Fv2%2Fmedia&parent=714"}],"curies":[{"name":"wp","href":"https:\/\/api.w.org\/{rel}","templated":true}]}}