{"id":2,"date":"2016-05-10T03:48:21","date_gmt":"2016-05-10T03:48:21","guid":{"rendered":"http:\/\/bavarianimmigrants.de\/?page_id=2"},"modified":"2026-04-21T18:39:17","modified_gmt":"2026-04-21T18:39:17","slug":"sample-page","status":"publish","type":"page","link":"https:\/\/bavarianimmigrants.de\/?page_id=2","title":{"rendered":"Wir spielen"},"content":{"rendered":"\n<p><strong>Freitag, 24.04.2026 &#8211; 19 Uhr &#8211; H\u00f6henberg<\/strong> &#8211; Lebensgemeinschaft H\u00f6henberg, 84149 Velden, Gro\u00dfer Saal &#8211; <a href=\"https:\/\/hoehenberg.org\/\">https:\/\/hoehenberg.org\/<\/a> Infos unter: kulturkreis@hoehenberg.org <\/p>\n\n\n\n<p><strong>Sonntag, 03.05.2026 &#8211; 13-18 Uhr &#8211; Burghausen<\/strong> &#8211; Music for Peace &#8211; Benefiz-Strassenmusik-Festival &#8211; Info: <a href=\"https:\/\/www.visit-burghausen.com\/veranstaltungen\/music-for-peace\">https:\/\/www.visit-burghausen.com\/veranstaltungen\/music-for-peace<\/a><\/p>\n\n\n\n<p><strong>Dienstag, 05.05.2026 &#8211; 18.30 Uhr &#8211; Attl<\/strong> &#8211; Stiftung Attl, 83512 Wasserburg a. Inn, im Rahmen der Reihe &#8222;Budenzauber&#8220; &#8211; Info: <a href=\"https:\/\/www.stiftung.attl.de\/event\/de-bavarian-immigrants\/\">https:\/\/www.stiftung.attl.de\/event\/de-bavarian-immigrants\/<\/a><\/p>\n\n\n\n<p><strong>Samstag, 06.06.2026 &#8211; 17 Uhr &#8211; Alter Pfarrhof im Kloster Schambach<\/strong> &#8211; 93339 Riedenburg &#8211; weitere Infos folgen<\/p>\n\n\n\n<p><strong>Sonntag, 12.07.2026 &#8211; 20.15 Uhr &#8211; Ottersberger Kulturstadl<\/strong> am Selmerhof, An der Leiten 30, 85652 Pliening-Ottersberg &#8211; Einlass und Bewirtung ab 18.30 Uhr &#8211; Kartenvorverkauf: Zapf-Musikb\u00fcro, Tel.\u00a0<a href=\"tel:08121\/79560\" target=\"_blank\" rel=\"noreferrer noopener\">08121\/79560<\/a>, Email:\u00a0<a href=\"mailto:info@zapf-musik.de\" target=\"_blank\" rel=\"noreferrer noopener\">info@zapf-musik.de<\/a>  <a href=\"http:\/\/www.zapf-musik.de\/?page=kulturstadl\">http:\/\/www.zapf-musik.de\/?page=kulturstadl<\/a><\/p>\n\n\n\n<p><strong>Samstag, 24.10.2026 &#8211; 20.00 Uhr &#8211; Attenkirchen<\/strong> &#8211; Tutuguri Kleinkunstb\u00fchne im BachfeldHaus &#8211; Am Bachfeld 8 &#8211; 85395 Attenkirchen &#8211; <a href=\"http:\/\/www.tutuguri.de\" data-type=\"URL\" data-id=\"www.tutuguri.de\">www.tutuguri.de<\/a> &#8211; Reservierungen: info@tutuguri.de oder 08168\/96282<\/p>\n\n\n\n<p><\/p>\n","protected":false},"excerpt":{"rendered":"<p>Freitag, 24.04.2026 &#8211; 19 Uhr &#8211; H\u00f6henberg &#8211; Lebensgemeinschaft H\u00f6henberg, 84149 Velden, Gro\u00dfer Saal &#8211; https:\/\/hoehenberg.org\/ Infos unter: kulturkreis@hoehenberg.org Sonntag, 03.05.2026 &#8211; 13-18 Uhr &#8211; Burghausen &#8211; Music for Peace &#8211; Benefiz-Strassenmusik-Festival &#8211; Info: https:\/\/www.visit-burghausen.com\/veranstaltungen\/music-for-peace Dienstag, 05.05.2026 &#8211; 18.30 Uhr &#8211; Attl &#8211; Stiftung Attl, 83512 Wasserburg a. Inn, im Rahmen der Reihe &#8222;Budenzauber&#8220; &#8211;&hellip; <a href=\"https:\/\/bavarianimmigrants.de\/?page_id=2\" class=\"more-link\">Weiterlesen <span class=\"screen-reader-text\">Wir spielen<\/span><\/a><\/p>\n","protected":false},"author":1,"featured_media":0,"parent":0,"menu_order":2,"comment_status":"closed","ping_status":"closed","template":"","meta":{"footnotes":""},"class_list":["post-2","page","type-page","status-publish","hentry","without-featured-image"],"_links":{"self":[{"href":"https:\/\/bavarianimmigrants.de\/index.php?rest_route=\/wp\/v2\/pages\/2"}],"collection":[{"href":"https:\/\/bavarianimmigrants.de\/index.php?rest_route=\/wp\/v2\/pages"}],"about":[{"href":"https:\/\/bavarianimmigrants.de\/index.php?rest_route=\/wp\/v2\/types\/page"}],"author":[{"embeddable":true,"href":"https:\/\/bavarianimmigrants.de\/index.php?rest_route=\/wp\/v2\/users\/1"}],"replies":[{"embeddable":true,"href":"https:\/\/bavarianimmigrants.de\/index.php?rest_route=%2Fwp%2Fv2%2Fcomments&post=2"}],"version-history":[{"count":142,"href":"https:\/\/bavarianimmigrants.de\/index.php?rest_route=\/wp\/v2\/pages\/2\/revisions"}],"predecessor-version":[{"id":1312,"href":"https:\/\/bavarianimmigrants.de\/index.php?rest_route=\/wp\/v2\/pages\/2\/revisions\/1312"}],"wp:attachment":[{"href":"https:\/\/bavarianimmigrants.de\/index.php?rest_route=%2Fwp%2Fv2%2Fmedia&parent=2"}],"curies":[{"name":"wp","href":"https:\/\/api.w.org\/{rel}","templated":true}]}}