{"id":15,"date":"2019-02-17T17:28:31","date_gmt":"2019-02-17T17:28:31","guid":{"rendered":"http:\/\/bavarianimmigrants.de\/?page_id=15"},"modified":"2022-11-15T13:58:41","modified_gmt":"2022-11-15T13:58:41","slug":"pressestimmen","status":"publish","type":"page","link":"https:\/\/bavarianimmigrants.de\/?page_id=15","title":{"rendered":"Pressestimmen"},"content":{"rendered":"\n<p><a href=\"https:\/\/gruene-fraktion-oberbayern.de\/pressemitteilung-zur-preisverleihung-gruener-wanninger-am-12-9-2021\/\"><strong>Preisverleihung<\/strong><\/a> (Gr\u00fcner Wanninger) <em>M\u00fchldorf 12.9.2021<\/em><\/p>\n\n\n\n<p><\/p>\n\n\n\n<p><strong>&#8222;Die Lieder der Bavarian Immigrants umarmen den Zuh\u00f6rer und machen Mut&#8220;&nbsp;&nbsp;<\/strong> <em>Erdinger&nbsp;Anzeiger&nbsp;29.1.2019<\/em> <\/p>\n\n\n\n<p>&#8222;<strong>Sie singen bayerisch&#8230; sind in vielen Stilen sicher und mischen sie fr\u00f6hlich zusammen.&#8220; <\/strong><em>OVB online 26.4.2019<\/em><\/p>\n\n\n\n<p><strong>&#8222;Unter dem Schirm der bayrischen Sprache entsteht ein v\u00f6llig eigenst\u00e4ndiger Stil.&#8220;  <\/strong><em>OVB online 26.4.2019<\/em><\/p>\n\n\n\n<p><strong>&#8222;Abwechslungsreiche Melodien untermalten die hintergr\u00fcndigen Texte.&#8220;<\/strong> <br><em>Erdinger&nbsp;Anzeiger&nbsp;29.1.2019<\/em> <\/p>\n\n\n\n<p><strong>&#8222;Einen Tango spielten sie mit &#8222;Greane Augn&#8220;..in dem er (Heribert Haider) sie (Denise Weise) anschmachtete,&#8230;..Das Ganze war kom\u00f6diantisch \u00fcberzogen geschauspielert, sodass es an Karl Valentin und Liesl Karlstadt denken lie\u00df.&#8220;<\/strong> <em>OVB online 26.4.2019<\/em><\/p>\n\n\n\n<p><strong>&#8222;&#8230; Der Gesang kam mehrstimmig und auch im Kanon daher, was den Liedern einen unglaublichen Schwung gab.&#8220; <\/strong>                                           <em>Erdinger Anzeiger 29.1.2019 <\/em><\/p>\n\n\n\n<p><strong>&#8222;Es waren stehende Ovationen der Lohn f\u00fcr die Darbietung der &#8222;Bavarian Immigrants&#8220;<\/strong> <em>OVB online 26.4.2019<\/em><\/p>\n\n\n\n<p><strong>&#8222;Was De Bavarian Immigrants da ablieferten sorgte f\u00fcr gute Laune, ging direkt ins Herz und machte Lust aufs Leben.&#8220;&nbsp;<\/strong><em>Erdinger&nbsp;Anzeiger&nbsp;29.1.2019<\/em><\/p>\n\n\n\n<p><strong>&#8222;Musikalisch sind die bayerischen Einwanderer Top&#8220;<\/strong> <br><em>Erdinger&nbsp;Anzeiger&nbsp;29.1.2019<\/em> <\/p>\n","protected":false},"excerpt":{"rendered":"<p>Preisverleihung (Gr\u00fcner Wanninger) M\u00fchldorf 12.9.2021 &#8222;Die Lieder der Bavarian Immigrants umarmen den Zuh\u00f6rer und machen Mut&#8220;&nbsp;&nbsp; Erdinger&nbsp;Anzeiger&nbsp;29.1.2019 &#8222;Sie singen bayerisch&#8230; sind in vielen Stilen sicher und mischen sie fr\u00f6hlich zusammen.&#8220; OVB online 26.4.2019 &#8222;Unter dem Schirm der bayrischen Sprache entsteht ein v\u00f6llig eigenst\u00e4ndiger Stil.&#8220; OVB online 26.4.2019 &#8222;Abwechslungsreiche Melodien untermalten die hintergr\u00fcndigen Texte.&#8220; Erdinger&nbsp;Anzeiger&nbsp;29.1.2019 &#8222;Einen&hellip; <a href=\"https:\/\/bavarianimmigrants.de\/?page_id=15\" class=\"more-link\">Weiterlesen <span class=\"screen-reader-text\">Pressestimmen<\/span><\/a><\/p>\n","protected":false},"author":1,"featured_media":0,"parent":2,"menu_order":4,"comment_status":"closed","ping_status":"closed","template":"","meta":{"footnotes":""},"class_list":["post-15","page","type-page","status-publish","hentry","without-featured-image"],"_links":{"self":[{"href":"https:\/\/bavarianimmigrants.de\/index.php?rest_route=\/wp\/v2\/pages\/15"}],"collection":[{"href":"https:\/\/bavarianimmigrants.de\/index.php?rest_route=\/wp\/v2\/pages"}],"about":[{"href":"https:\/\/bavarianimmigrants.de\/index.php?rest_route=\/wp\/v2\/types\/page"}],"author":[{"embeddable":true,"href":"https:\/\/bavarianimmigrants.de\/index.php?rest_route=\/wp\/v2\/users\/1"}],"replies":[{"embeddable":true,"href":"https:\/\/bavarianimmigrants.de\/index.php?rest_route=%2Fwp%2Fv2%2Fcomments&post=15"}],"version-history":[{"count":10,"href":"https:\/\/bavarianimmigrants.de\/index.php?rest_route=\/wp\/v2\/pages\/15\/revisions"}],"predecessor-version":[{"id":1130,"href":"https:\/\/bavarianimmigrants.de\/index.php?rest_route=\/wp\/v2\/pages\/15\/revisions\/1130"}],"up":[{"embeddable":true,"href":"https:\/\/bavarianimmigrants.de\/index.php?rest_route=\/wp\/v2\/pages\/2"}],"wp:attachment":[{"href":"https:\/\/bavarianimmigrants.de\/index.php?rest_route=%2Fwp%2Fv2%2Fmedia&parent=15"}],"curies":[{"name":"wp","href":"https:\/\/api.w.org\/{rel}","templated":true}]}}